{"id":220,"date":"2026-01-30T09:42:53","date_gmt":"2026-01-30T08:42:53","guid":{"rendered":"https:\/\/conference2027.etszk.u-szeged.hu\/?page_id=220"},"modified":"2026-01-30T09:42:53","modified_gmt":"2026-01-30T08:42:53","slug":"prof-tunde-peto-md-mhealthed-phd-farvo","status":"publish","type":"page","link":"https:\/\/conference2027.etszk.u-szeged.hu\/?page_id=220","title":{"rendered":"Prof. Tunde Peto MD, MHealthEd, PhD, FARVO"},"content":{"rendered":"\n<div class=\"wp-block-columns is-layout-flex wp-container-core-columns-is-layout-28f84493 wp-block-columns-is-layout-flex\">\n<div class=\"wp-block-column is-layout-flow wp-block-column-is-layout-flow\" style=\"flex-basis:33.33%\">\n<figure class=\"wp-block-image\"><img decoding=\"async\" src=\"https:\/\/conference2025.etszk.u-szeged.hu\/wp-content\/uploads\/2024\/06\/Prof_Tunde_Peto-1024x837.png\" alt=\"\" class=\"wp-image-426\"\/><\/figure>\n<\/div>\n\n\n\n<div class=\"wp-block-column is-layout-flow wp-block-column-is-layout-flow\" style=\"flex-basis:66.66%\">\n<h2 class=\"wp-block-heading\">Prof. Tunde Peto MD, MHealthEd, PhD, FARVO<\/h2>\n<\/div>\n<\/div>\n\n\n\n<p><strong>Professor Tunde Peto, MD, PhD<\/strong>&nbsp;a Queen\u2019s University Belfast klinikai szem\u00e9szet professzora, az \u00c9szak-\u00edrorsz\u00e1gi Diab\u00e9teszes Retinop\u00e1tia (DR) sz\u0171r\u00e9si program klinikai vezet\u0151je \u00e9s retina szem\u00e9sz szakorvosa.<\/p>\n\n\n\n<p>Peto professzor f\u0151 tudom\u00e1nyos \u00e9rdekl\u0151d\u00e9si ter\u00fclete a vaks\u00e1got okoz\u00f3 retinabetegs\u00e9gek, k\u00fcl\u00f6n\u00f6s tekintettel a diab\u00e9teszes retinop\u00e1tia jellemz\u00e9s\u00e9re \u00e9s k\u00e9palkot\u00f3 m\u00f3dszereire ir\u00e1nyul. Nemzetk\u00f6zi h\u00edrn\u00e9vre tett szert a diab\u00e9teszes retinop\u00e1tia sz\u0171r\u00e9si-, \u00e9s az ehhez kapcsol\u00f3d\u00f3 k\u00e9pz\u00e9si programok l\u00e9trehoz\u00e1s\u00e1ban \u00e9s ir\u00e1ny\u00edt\u00e1s\u00e1ban.<\/p>\n\n\n\n<p>A Diab\u00e9teszes Szem\u00e9szeti Komplik\u00e1ci\u00f3kat Tanulm\u00e1nyoz\u00f3 Eur\u00f3pai Egyes\u00fclet (EASDec) eln\u00f6ke, az EU-EYE \u00e9s az ECV igazgat\u00f3s\u00e1gi tagja, valamint a Global Burden of Disease Eye Epidemiology Group tagja. Alap\u00edt\u00f3ja az Eur\u00f3pai Szemepidemiol\u00f3giai Csoportnak (European Eye Epidemiology Group), amely 27 epidemiol\u00f3giai vizsg\u00e1latot fog \u00f6ssze egy\u00fcttm\u0171k\u00f6d\u00e9s kialak\u00edt\u00e1sa \u00e9s tov\u00e1bbi eur\u00f3pai kutat\u00e1si platformok l\u00e9trehoz\u00e1sa \u00e9rdek\u00e9ben.<\/p>\n\n\n\n<p>2021-ben r\u00e9szt vett a WHO Diab\u00e9teszes Retinop\u00e1tia jelent\u00e9s\u00e9nek (<em>Diabetic retinopathy screening in the WHO European Region: current situation<\/em>) \u00f6ssze\u00e1ll\u00edt\u00e1s\u00e1ban.<\/p>\n\n\n\n<p>Nemr\u00e9giben az Egyes\u00fclt Kir\u00e1lys\u00e1gnak a cukorbetegs\u00e9g sz\u00f6v\u0151dm\u00e9nyeit vizsg\u00e1l\u00f3 legbefoly\u00e1sosabb kutat\u00f3i k\u00f6z\u00e9 v\u00e1lasztott\u00e1k.<\/p>\n","protected":false},"excerpt":{"rendered":"<p>Prof. Tunde Peto MD, MHealthEd, PhD, FARVO Professor Tunde Peto, MD, PhD&nbsp;a Queen\u2019s University Belfast [&hellip;]<\/p>\n","protected":false},"author":1,"featured_media":0,"parent":0,"menu_order":0,"comment_status":"closed","ping_status":"closed","template":"","meta":{"footnotes":""},"class_list":["post-220","page","type-page","status-publish","hentry"],"_links":{"self":[{"href":"https:\/\/conference2027.etszk.u-szeged.hu\/index.php?rest_route=\/wp\/v2\/pages\/220","targetHints":{"allow":["GET"]}}],"collection":[{"href":"https:\/\/conference2027.etszk.u-szeged.hu\/index.php?rest_route=\/wp\/v2\/pages"}],"about":[{"href":"https:\/\/conference2027.etszk.u-szeged.hu\/index.php?rest_route=\/wp\/v2\/types\/page"}],"author":[{"embeddable":true,"href":"https:\/\/conference2027.etszk.u-szeged.hu\/index.php?rest_route=\/wp\/v2\/users\/1"}],"replies":[{"embeddable":true,"href":"https:\/\/conference2027.etszk.u-szeged.hu\/index.php?rest_route=%2Fwp%2Fv2%2Fcomments&post=220"}],"version-history":[{"count":1,"href":"https:\/\/conference2027.etszk.u-szeged.hu\/index.php?rest_route=\/wp\/v2\/pages\/220\/revisions"}],"predecessor-version":[{"id":221,"href":"https:\/\/conference2027.etszk.u-szeged.hu\/index.php?rest_route=\/wp\/v2\/pages\/220\/revisions\/221"}],"wp:attachment":[{"href":"https:\/\/conference2027.etszk.u-szeged.hu\/index.php?rest_route=%2Fwp%2Fv2%2Fmedia&parent=220"}],"curies":[{"name":"wp","href":"https:\/\/api.w.org\/{rel}","templated":true}]}}