{"id":191,"date":"2026-01-30T08:50:34","date_gmt":"2026-01-30T07:50:34","guid":{"rendered":"https:\/\/conference2027.etszk.u-szeged.hu\/?page_id=191"},"modified":"2026-02-02T10:36:24","modified_gmt":"2026-02-02T09:36:24","slug":"nagy-grocz-gabor-msc-med-phd-habil","status":"publish","type":"page","link":"https:\/\/conference2027.etszk.u-szeged.hu\/?page_id=191","title":{"rendered":"Nagy-Gr\u00f3cz G\u00e1bor MSc, MEd, PhD, Habil"},"content":{"rendered":"\n<div class=\"wp-block-columns is-layout-flex wp-container-core-columns-is-layout-28f84493 wp-block-columns-is-layout-flex\">\n<div class=\"wp-block-column is-layout-flow wp-block-column-is-layout-flow\" style=\"flex-basis:33.33%\">\n<figure class=\"wp-block-image is-resized\"><img decoding=\"async\" src=\"https:\/\/conference2025.etszk.u-szeged.hu\/wp-content\/uploads\/2024\/05\/dr-nagy-grocz-gabor.png\" alt=\"\" class=\"wp-image-91\" style=\"aspect-ratio:1.4771108850457781;width:363px;height:auto\"\/><\/figure>\n<\/div>\n\n\n\n<div class=\"wp-block-column is-layout-flow wp-block-column-is-layout-flow\" style=\"flex-basis:66.66%\">\n<h2 class=\"wp-block-heading\">Nagy-Gr\u00f3cz G\u00e1bor MSc, MEd, PhD, habil<\/h2>\n<\/div>\n<\/div>\n\n\n\n<p><strong>Dr. Nagy-Gr\u00f3cz G\u00e1bor<\/strong>&nbsp;docensk\u00e9nt \u00e9s oktat\u00e1si d\u00e9k\u00e1nhelyettesk\u00e9nt dolgozik a Szegedi Tudom\u00e1nyegyetem Eg\u00e9szs\u00e9gtudom\u00e1nyi \u00e9s Szoci\u00e1lis K\u00e9pz\u00e9si Kar\u00e1n. Kutat\u00e1sai els\u0151sorban a kinurenin \u00fatvonalra \u00e9s az endokannabinoidokra f\u00f3kusz\u00e1lnak a migr\u00e9n patomechanizmus\u00e1ban. Tudom\u00e1nyos eredm\u00e9nyeit eddig 19 publik\u00e1ci\u00f3ban foglalta \u00f6ssze nemzetk\u00f6zi foly\u00f3iratokban, Hirsch-indexe 10.<\/p>\n\n\n\n<figure class=\"wp-block-table\"><table class=\"has-fixed-layout\"><tbody><tr><td class=\"has-text-align-right\" data-align=\"right\"><strong>Curriculum Vitae<\/strong><strong><\/strong><\/td><td><\/td><\/tr><tr><td class=\"has-text-align-right\" data-align=\"right\"><strong>Personal information<\/strong><\/td><td>&nbsp;<\/td><\/tr><tr><td class=\"has-text-align-right\" data-align=\"right\">First name \/ Surname<\/td><td><strong>G\u00e1bor Nagy-Gr\u00f3cz MSc, MEd, PhD, Habil<\/strong><\/td><\/tr><tr><td class=\"has-text-align-right\" data-align=\"right\">Address<\/td><td>31 Temesv\u00e1ri krt., H-6727 Szeged<\/td><\/tr><tr><td class=\"has-text-align-right\" data-align=\"right\">Telephone<\/td><td>+3662343022<\/td><\/tr><tr><td class=\"has-text-align-right\" data-align=\"right\">E-mail<\/td><td>nagy-grocz.gabor@szte.hu<\/td><\/tr><tr><td class=\"has-text-align-right\" data-align=\"right\">Date of birth<\/td><td>06\/08\/1988<\/td><\/tr><tr><td class=\"has-text-align-right\" data-align=\"right\">&nbsp;<\/td><td>&nbsp;<\/td><\/tr><tr><td class=\"has-text-align-right\" data-align=\"right\"><strong>Work experience<\/strong><\/td><td>&nbsp;<\/td><\/tr><tr><td class=\"has-text-align-right\" data-align=\"right\">Dates<\/td><td>10\/2019 \u2013 Present<\/td><\/tr><tr><td class=\"has-text-align-right\" data-align=\"right\">Occupation or position held<\/td><td>Head of Department<\/td><\/tr><tr><td class=\"has-text-align-right\" data-align=\"right\">Name and address of employer<\/td><td>Department of Theoretical Health Sciences and Health Management, Faculty of Health Sciences and Social Studies, University of Szeged<\/td><\/tr><tr><td class=\"has-text-align-right\" data-align=\"right\">&nbsp;<\/td><td>&nbsp;<\/td><\/tr><tr><td class=\"has-text-align-right\" data-align=\"right\">Dates<\/td><td>05\/2019 \u2013 Present<\/td><\/tr><tr><td class=\"has-text-align-right\" data-align=\"right\">Occupation or position held<\/td><td>Head of Department<\/td><\/tr><tr><td class=\"has-text-align-right\" data-align=\"right\">Name and address of employer<\/td><td>Faculty of Health Sciences and Social studies, University of Szeged<\/td><\/tr><tr><td class=\"has-text-align-right\" data-align=\"right\">&nbsp;<\/td><td>&nbsp;<\/td><\/tr><tr><td class=\"has-text-align-right\" data-align=\"right\">Dates<\/td><td>10\/2018-Present<\/td><\/tr><tr><td class=\"has-text-align-right\" data-align=\"right\">Occupation or position held<\/td><td>College Associate Professor<\/td><\/tr><tr><td class=\"has-text-align-right\" data-align=\"right\">Name and address of employer<\/td><td>Faculty of Health Sciences and Social Studies, University of Szeged<\/td><\/tr><tr><td class=\"has-text-align-right\" data-align=\"right\">&nbsp;<\/td><td>&nbsp;<\/td><\/tr><tr><td class=\"has-text-align-right\" data-align=\"right\"><strong>Education and training<\/strong><\/td><td>&nbsp;<\/td><\/tr><tr><td class=\"has-text-align-right\" data-align=\"right\">Dates<\/td><td>09\/2022 \u2013 02\/2024<\/td><\/tr><tr><td class=\"has-text-align-right\" data-align=\"right\">Title of qualification awarded<\/td><td>Space Specialist in Life Sciences Postgraduate Specialization Programme<\/td><\/tr><tr><td class=\"has-text-align-right\" data-align=\"right\">Name and type of organisation providing education and training<\/td><td>Faculty of Medicine, University of Debrecen<\/td><\/tr><tr><td class=\"has-text-align-right\" data-align=\"right\">&nbsp;<\/td><td>&nbsp;<\/td><\/tr><tr><td class=\"has-text-align-right\" data-align=\"right\">Dates<\/td><td>09\/2020 \u2013 07\/2021<\/td><\/tr><tr><td class=\"has-text-align-right\" data-align=\"right\">Title of qualification awarded<\/td><td>Teacher of Biology (MEd)<\/td><\/tr><tr><td class=\"has-text-align-right\" data-align=\"right\">Name and type of organisation providing education and training<\/td><td>Faculty of Sciences and Informatics, University of Szeged<\/td><\/tr><tr><td class=\"has-text-align-right\" data-align=\"right\">&nbsp;<\/td><td>&nbsp;<\/td><\/tr><tr><td class=\"has-text-align-right\" data-align=\"right\">Dates<\/td><td>09\/2013 \u2013 12\/2017<\/td><\/tr><tr><td class=\"has-text-align-right\" data-align=\"right\">Title of qualification awarded<\/td><td>Doctorate in Clinical Medicine (Phd)<\/td><\/tr><tr><td class=\"has-text-align-right\" data-align=\"right\">Name and type of organisation providing education and training<\/td><td>Faculty of Medicine, University of Szeged<\/td><\/tr><tr><td class=\"has-text-align-right\" data-align=\"right\">&nbsp;<\/td><td>&nbsp;<\/td><\/tr><tr><td class=\"has-text-align-right\" data-align=\"right\">Dates<\/td><td>09\/2011 \u2013 06\/2013<\/td><\/tr><tr><td class=\"has-text-align-right\" data-align=\"right\">Title of qualification awarded<\/td><td>Biologist (Neuro- and Human Biology) MSc<\/td><\/tr><tr><td class=\"has-text-align-right\" data-align=\"right\">Name and type of organisation providing education and training<\/td><td>Faculty of Sciences and Informatics, University of Szeged<\/td><\/tr><tr><td class=\"has-text-align-right\" data-align=\"right\">&nbsp;<\/td><td>&nbsp;<\/td><\/tr><tr><td class=\"has-text-align-right\" data-align=\"right\">Dates<\/td><td>09\/2007 \u2013 06\/2011<\/td><\/tr><tr><td class=\"has-text-align-right\" data-align=\"right\">Title of qualification awarded<\/td><td>Biologist (Cell- and Molecular Biology) BSc<\/td><\/tr><tr><td class=\"has-text-align-right\" data-align=\"right\">Name and type of organisation providing education and training<\/td><td>Faculty of Sciences and Informatics, University of Szeged<\/td><\/tr><tr><td class=\"has-text-align-right\" data-align=\"right\">&nbsp;<\/td><td>&nbsp;<\/td><\/tr><tr><td class=\"has-text-align-right\" data-align=\"right\"><strong>Scientometric data<\/strong><\/td><td>&nbsp;<\/td><\/tr><tr><td class=\"has-text-align-right\" data-align=\"right\">Total number of independent citations<\/td><td>238<\/td><\/tr><tr><td class=\"has-text-align-right\" data-align=\"right\">Hirsh-index<\/td><td>11<\/td><\/tr><tr><td class=\"has-text-align-right\" data-align=\"right\">&nbsp;<\/td><td>&nbsp;<\/td><\/tr><\/tbody><\/table><\/figure>\n\n\n\n<p><a href=\"https:\/\/etszk.u-szeged.hu\/karrol\/munkatarsak\/etszk-eletrajz-24-ngg-240830-241030\">\u00d6n\u00e9letrajz<\/a><br><a href=\"https:\/\/m2.mtmt.hu\/gui2\/?type=authors&amp;mode=browse&amp;sel=10037971\" target=\"_blank\" rel=\"noreferrer noopener\"><strong>Publik\u00e1ci\u00f3s jegyz\u00e9k<\/strong><\/a><\/p>\n","protected":false},"excerpt":{"rendered":"<p>Nagy-Gr\u00f3cz G\u00e1bor MSc, MEd, PhD, habil Dr. Nagy-Gr\u00f3cz G\u00e1bor&nbsp;docensk\u00e9nt \u00e9s oktat\u00e1si d\u00e9k\u00e1nhelyettesk\u00e9nt dolgozik a Szegedi [&hellip;]<\/p>\n","protected":false},"author":1,"featured_media":0,"parent":0,"menu_order":0,"comment_status":"closed","ping_status":"closed","template":"","meta":{"footnotes":""},"class_list":["post-191","page","type-page","status-publish","hentry"],"_links":{"self":[{"href":"https:\/\/conference2027.etszk.u-szeged.hu\/index.php?rest_route=\/wp\/v2\/pages\/191","targetHints":{"allow":["GET"]}}],"collection":[{"href":"https:\/\/conference2027.etszk.u-szeged.hu\/index.php?rest_route=\/wp\/v2\/pages"}],"about":[{"href":"https:\/\/conference2027.etszk.u-szeged.hu\/index.php?rest_route=\/wp\/v2\/types\/page"}],"author":[{"embeddable":true,"href":"https:\/\/conference2027.etszk.u-szeged.hu\/index.php?rest_route=\/wp\/v2\/users\/1"}],"replies":[{"embeddable":true,"href":"https:\/\/conference2027.etszk.u-szeged.hu\/index.php?rest_route=%2Fwp%2Fv2%2Fcomments&post=191"}],"version-history":[{"count":2,"href":"https:\/\/conference2027.etszk.u-szeged.hu\/index.php?rest_route=\/wp\/v2\/pages\/191\/revisions"}],"predecessor-version":[{"id":317,"href":"https:\/\/conference2027.etszk.u-szeged.hu\/index.php?rest_route=\/wp\/v2\/pages\/191\/revisions\/317"}],"wp:attachment":[{"href":"https:\/\/conference2027.etszk.u-szeged.hu\/index.php?rest_route=%2Fwp%2Fv2%2Fmedia&parent=191"}],"curies":[{"name":"wp","href":"https:\/\/api.w.org\/{rel}","templated":true}]}}